{"id":3,"date":"2021-04-07T10:58:45","date_gmt":"2021-04-07T10:58:45","guid":{"rendered":"http:\/\/www.clinicadentalcentro.com\/?page_id=3"},"modified":"2025-09-08T09:55:40","modified_gmt":"2025-09-08T09:55:40","slug":"aviso-legal-y-politica-de-privacidad","status":"publish","type":"page","link":"https:\/\/www.clinicadentalcentro.com\/en\/aviso-legal-y-politica-de-privacidad\/","title":{"rendered":"Legal notice and privacy policy"},"content":{"rendered":"<div class=\"fusion-fullwidth fullwidth-box fusion-builder-row-1 fusion-flex-container has-pattern-background has-mask-background nonhundred-percent-fullwidth non-hundred-percent-height-scrolling\" style=\"--awb-border-radius-top-left:0px;--awb-border-radius-top-right:0px;--awb-border-radius-bottom-right:0px;--awb-border-radius-bottom-left:0px;--awb-padding-top:4em;--awb-flex-wrap:wrap;\" ><div class=\"fusion-builder-row fusion-row fusion-flex-align-items-flex-start fusion-flex-content-wrap\" style=\"max-width:1216.8px;margin-left: calc(-4% \/ 2 );margin-right: calc(-4% \/ 2 );\"><div class=\"fusion-layout-column fusion_builder_column fusion-builder-column-0 fusion_builder_column_1_1 1_1 fusion-flex-column\" style=\"--awb-bg-blend:overlay;--awb-bg-size:cover;--awb-width-large:100%;--awb-margin-top-large:0px;--awb-spacing-right-large:1.92%;--awb-margin-bottom-large:0px;--awb-spacing-left-large:1.92%;--awb-width-medium:100%;--awb-spacing-right-medium:1.92%;--awb-spacing-left-medium:1.92%;--awb-width-small:100%;--awb-spacing-right-small:1.92%;--awb-spacing-left-small:1.92%;\"><div class=\"fusion-column-wrapper fusion-flex-justify-content-flex-start fusion-content-layout-column\"><div class=\"fusion-text fusion-text-1\"><div class=\"section the_content has_content\">\n<div class=\"section_wrapper\">\n<div class=\"the_content_wrapper\">\n<div class=\"column mcb-column one column_fancy_heading\">\n<div class=\"fancy_heading fancy_heading_icon\">\n<h1 data-fontsize=\"55\" data-lineheight=\"62.7px\">\u00a0<\/h1>\n<h1 class=\"title fusion-responsive-typography-calculated\" style=\"--fontsize: 55; line-height: 1.14;\" data-fontsize=\"55\" data-lineheight=\"62.7px\">Legal notice and privacy policy<\/h1>\n<\/div>\n<\/div>\n<div class=\"column mcb-column one column_column column-margin-20px\">\n<div class=\"column_attr clearfix align_justify\">\n<h3 data-start=\"476\" data-end=\"501\">0. PURPOSE AND ACCEPTANCE<\/h3>\n<p data-start=\"503\" data-end=\"705\">This Legal Notice regulates the use of the website <strong data-start=\"555\" data-end=\"586\"><a class=\"decorated-link\" href=\"http:\/\/www.clinicadentalcentro.com\/en\/\" target=\"_new\" rel=\"noopener\" data-start=\"557\" data-end=\"584\">www.clinicadentalcentro.com<\/a><\/strong> (hereinafter, <strong data-start=\"601\" data-end=\"611\">THE WEBSITE<\/strong>), owned by <strong data-start=\"633\" data-end=\"660\">MAR\u00cdA CAPARR\u00d3S ESPINOSA<\/strong> (hereinafter, <strong data-start=\"675\" data-end=\"703\">THE OWNER OF THE WEBSITE<\/strong>).<\/p>\n<p data-start=\"707\" data-end=\"996\">Browsing THE WEBSITE grants you the status of a user and implies full and unreserved acceptance of all provisions included in this Legal Notice, as well as the <strong data-start=\"889\" data-end=\"915\">Privacy Policy<\/strong> and <strong data-start=\"921\" data-end=\"944\">Cookies Policy<\/strong>, which may be modified at any time.<\/p>\n<p data-start=\"998\" data-end=\"1291\">The user undertakes to make proper use of THE WEBSITE in accordance with applicable laws, good faith, public order, accepted internet practices and this Legal Notice. The user will be liable to THE OWNER OF THE WEBSITE or to third parties for any damages that may arise from breach of this obligation.<\/p>\n<h3 data-start=\"1298\" data-end=\"1335\">\u00a0<\/h3>\n<h3 data-start=\"1298\" data-end=\"1335\">1. IDENTIFICATION AND COMMUNICATIONS<\/h3>\n<p data-start=\"1337\" data-end=\"1512\">In compliance with <strong data-start=\"1359\" data-end=\"1473\">Law 34\/2002, of 11 July, on Information Society Services and Electronic Commerce (LSSI-CE)<\/strong>, the following details are provided:<\/p>\n<ul data-start=\"1514\" data-end=\"1779\">\n<li data-start=\"1514\" data-end=\"1554\">\n<p data-start=\"1516\" data-end=\"1554\"><strong data-start=\"1516\" data-end=\"1527\">Owner<\/strong>: MAR\u00cdA CAPARR\u00d3S ESPINOSA<\/p>\n<\/li>\n<li data-start=\"1555\" data-end=\"1580\">\n<p data-start=\"1557\" data-end=\"1580\"><strong data-start=\"1557\" data-end=\"1564\">ID (DNI)<\/strong>: 75.958.969-C<\/p>\n<\/li>\n<li data-start=\"1581\" data-end=\"1690\">\n<p data-start=\"1583\" data-end=\"1690\"><strong data-start=\"1583\" data-end=\"1603\">Registered address<\/strong>: Calle Real 41, Planta 1, Oficina 1, 11300 La L\u00ednea de la Concepci\u00f3n (C\u00e1diz), Espa\u00f1a<\/p>\n<\/li>\n<li data-start=\"1691\" data-end=\"1735\">\n<p data-start=\"1693\" data-end=\"1735\"><strong data-start=\"1693\" data-end=\"1706\">Telephone numbers<\/strong>: 856 126 850 \/ 601 211 792<\/p>\n<\/li>\n<li data-start=\"1736\" data-end=\"1779\">\n<p data-start=\"1738\" data-end=\"1779\"><strong data-start=\"1738\" data-end=\"1747\">Email<\/strong>: <a class=\"decorated-link cursor-pointer\" rel=\"noopener\" data-start=\"1749\" data-end=\"1777\">info@clinicadentalcentro.com<\/a><\/p>\n<\/li>\n<\/ul>\n<p data-start=\"1781\" data-end=\"1965\">All communications between users and THE OWNER OF THE WEBSITE will be considered effective when carried out by postal mail, email, or any of the means listed above.<\/p>\n<h3 data-start=\"1972\" data-end=\"2013\">\u00a0<\/h3>\n<h3 data-start=\"1972\" data-end=\"2013\">2. CONDITIONS OF ACCESS AND USE<\/h3>\n<p data-start=\"2015\" data-end=\"2224\">Access to THE WEBSITE is free and open. However, the use of certain services may require the prior completion of forms and the user\u2019s express acceptance of the Privacy Policy.<\/p>\n<p data-start=\"2226\" data-end=\"2452\">The user guarantees the authenticity and accuracy of the data provided and shall be solely responsible for any false or inaccurate statements.<\/p>\n<p data-start=\"2454\" data-end=\"2485\">The user expressly agrees to make proper use of the contents and services of THE WEBSITE and, in particular, not to:<\/p>\n<ul data-start=\"2487\" data-end=\"2934\">\n<li data-start=\"2487\" data-end=\"2579\">\n<p data-start=\"2489\" data-end=\"2579\">Disseminate unlawful, violent, pornographic, racist, xenophobic, offensive content or content contrary to law or public order.<\/p>\n<\/li>\n<li data-start=\"2580\" data-end=\"2699\">\n<p data-start=\"2582\" data-end=\"2699\">Introduce computer viruses or perform actions capable of altering, damaging, interrupting or generating errors in THE WEBSITE\u2019s electronic documents, data, or systems, or obstructing access for other users.<\/p>\n<\/li>\n<li data-start=\"2700\" data-end=\"2795\">\n<p data-start=\"2702\" data-end=\"2795\">Attempt to access restricted areas of computer systems belonging to THE WEBSITE or third parties.<\/p>\n<\/li>\n<li data-start=\"2796\" data-end=\"2856\">\n<p data-start=\"2798\" data-end=\"2856\">Reproduce, distribute, or publicly communicate the contents of THE WEBSITE without prior authorization.<\/p>\n<\/li>\n<li data-start=\"2857\" data-end=\"2934\">\n<p data-start=\"2859\" data-end=\"2934\">Collect data for advertising purposes or send unsolicited commercial communications without prior consent.<\/p>\n<\/li>\n<\/ul>\n<p data-start=\"2936\" data-end=\"3180\">All contents of THE WEBSITE (texts, images, designs, source code, etc.) are the property of THE OWNER OF THE WEBSITE or third parties, and no rights of exploitation are transferred beyond what is strictly necessary for proper browsing.<\/p>\n<h2 data-start=\"3187\" data-end=\"3233\">\u00a0<\/h2>\n<h3 data-start=\"3187\" data-end=\"3233\">3. EXCLUSION OF WARRANTIES AND LIABILITY<\/h3>\n<p data-start=\"3235\" data-end=\"3344\">The content of THE WEBSITE is of a general nature and is provided for informational purposes only.<\/p>\n<p data-start=\"3346\" data-end=\"3386\">THE OWNER OF THE WEBSITE does not guarantee:<\/p>\n<ul data-start=\"3387\" data-end=\"3552\">\n<li data-start=\"3387\" data-end=\"3430\">\n<p data-start=\"3389\" data-end=\"3430\">Continuous access to THE WEBSITE.<\/p>\n<\/li>\n<li data-start=\"3431\" data-end=\"3476\">\n<p data-start=\"3433\" data-end=\"3476\">The absence of errors in its contents.<\/p>\n<\/li>\n<li data-start=\"3477\" data-end=\"3552\">\n<p data-start=\"3479\" data-end=\"3552\">That the website is free of viruses or harmful components introduced by third parties.<\/p>\n<\/li>\n<\/ul>\n<p data-start=\"3554\" data-end=\"3634\">Therefore, THE OWNER OF THE WEBSITE is not liable for damages that may arise from:<\/p>\n<ul data-start=\"3635\" data-end=\"3918\">\n<li data-start=\"3635\" data-end=\"3694\">\n<p data-start=\"3637\" data-end=\"3694\">The lack of availability or continuity of THE WEBSITE.<\/p>\n<\/li>\n<li data-start=\"3695\" data-end=\"3741\">\n<p data-start=\"3697\" data-end=\"3741\">Errors or omissions in the contents.<\/p>\n<\/li>\n<li data-start=\"3742\" data-end=\"3825\">\n<p data-start=\"3744\" data-end=\"3825\">Damage caused by viruses, cyberattacks or unauthorized access.<\/p>\n<\/li>\n<li data-start=\"3826\" data-end=\"3918\">\n<p data-start=\"3828\" data-end=\"3918\">Misuse of THE WEBSITE contrary to law, good faith or this Legal Notice.<\/p>\n<\/li>\n<\/ul>\n<h3 data-start=\"3925\" data-end=\"3975\">\u00a0<\/h3>\n<h3 data-start=\"3925\" data-end=\"3975\">4. PRIVACY POLICY AND DATA PROTECTION<\/h3>\n<p data-start=\"3977\" data-end=\"4135\">In compliance with <strong data-start=\"4015\" data-end=\"4050\">Regulation (EU) 2016\/679 (GDPR)<\/strong> and <strong data-start=\"4056\" data-end=\"4089\">Spanish Organic Law 3\/2018 on Personal Data Protection and Guarantee of Digital Rights (LOPDGDD)<\/strong>, users are informed of the following:<\/p>\n<h3 data-start=\"4137\" data-end=\"4170\">Responsable del tratamiento<\/h3>\n<ul data-start=\"4171\" data-end=\"4376\">\n<li data-start=\"4171\" data-end=\"4211\">\n<p data-start=\"4173\" data-end=\"4211\"><strong data-start=\"4173\" data-end=\"4184\">Owner<\/strong>: MAR\u00cdA CAPARR\u00d3S ESPINOSA<\/p>\n<\/li>\n<li data-start=\"4212\" data-end=\"4237\">\n<p data-start=\"4214\" data-end=\"4237\"><strong data-start=\"4214\" data-end=\"4221\">ID (DNI)<\/strong>: 75.958.969-C<\/p>\n<\/li>\n<li data-start=\"4238\" data-end=\"4332\">\n<p data-start=\"4240\" data-end=\"4332\"><strong data-start=\"4240\" data-end=\"4253\">Address<\/strong>: Calle Real 41, Planta 1, Oficina 1, 11300 La L\u00ednea de la Concepci\u00f3n (C\u00e1diz)<\/p>\n<\/li>\n<li data-start=\"4333\" data-end=\"4376\">\n<p data-start=\"4335\" data-end=\"4376\"><strong data-start=\"4335\" data-end=\"4344\">Email<\/strong>: <a class=\"decorated-link cursor-pointer\" rel=\"noopener\" data-start=\"4346\" data-end=\"4374\">info@clinicadentalcentro.com<\/a><\/p>\n<\/li>\n<\/ul>\n<h3 data-start=\"4378\" data-end=\"4409\">Purpose of Processing<\/h3>\n<p data-start=\"4410\" data-end=\"4527\">The personal data collected via THE WEBSITE forms will be processed for the following purposes:<\/p>\n<ul data-start=\"4528\" data-end=\"4802\">\n<li data-start=\"4528\" data-end=\"4581\">\n<p data-start=\"4530\" data-end=\"4581\">Managing information requests and appointments.<\/p>\n<\/li>\n<li data-start=\"4582\" data-end=\"4634\">\n<p data-start=\"4584\" data-end=\"4634\">Providing dental services requested by the user.<\/p>\n<\/li>\n<li data-start=\"4635\" data-end=\"4802\">\n<p data-start=\"4637\" data-end=\"4802\">Sending communications related to our services, provided that the user has expressly authorized it.<\/p>\n<\/li>\n<\/ul>\n<h3 data-start=\"4804\" data-end=\"4822\">Legal Basis<\/h3>\n<p data-start=\"4823\" data-end=\"4985\">The legal basis for processing data is the <strong data-start=\"4876\" data-end=\"4906\">user\u2019s consent<\/strong>, and where applicable, the execution of a service contract.<\/p>\n<h3 data-start=\"4987\" data-end=\"5014\">Data Retention<\/h3>\n<p data-start=\"5015\" data-end=\"5205\">Data will be retained for as long as necessary to fulfil the purposes for which they were collected, and subsequently during the periods required by applicable law.<\/p>\n<h3 data-start=\"5207\" data-end=\"5226\">Data Recipients<\/h3>\n<p data-start=\"5227\" data-end=\"5440\">Data will not be transferred to third parties except where legally required or when necessary for the proper provision of the requested services (e.g., dental laboratories or IT support providers).<\/p>\n<h3 data-start=\"5442\" data-end=\"5468\">User Rights<\/h3>\n<p data-start=\"5469\" data-end=\"5783\">Users may exercise their rights of <strong data-start=\"5531\" data-end=\"5605\">access, rectification, erasure, restriction, portability, and objection<\/strong> at any time by sending a written request, together with proof of identity, to the postal or email address indicated above.<\/p>\n<p data-start=\"5785\" data-end=\"5963\">Users also have the right to withdraw consent at any time and to lodge a complaint with the <strong data-start=\"5856\" data-end=\"5913\">Spanish Data Protection Agency (<a class=\"decorated-link cursor-pointer\" href=\"https:\/\/www.aepd.es\" target=\"_new\" rel=\"noopener\" data-start=\"5899\" data-end=\"5910\">www.aepd.es<\/a>)<\/strong> if they believe their rights have been violated.<\/p>\n<h3 data-start=\"5970\" data-end=\"5995\">\u00a0<\/h3>\n<h3 data-start=\"5970\" data-end=\"5995\">5. COOKIES POLICY<\/h3>\n<p data-start=\"5997\" data-end=\"6186\">THE WEBSITE uses both first-party and third-party cookies for technical, customization, analytical and advertising purposes. Users can configure their browser to accept, block or delete cookies.<\/p>\n<p data-start=\"6188\" data-end=\"6275\">For further information, please consult our <strong data-start=\"6228\" data-end=\"6251\">Cookies Policy<\/strong> available here.<\/p>\n<h3 data-start=\"6282\" data-end=\"6314\">\u00a0<\/h3>\n<h3 data-start=\"6282\" data-end=\"6314\">6. COMMERCIAL COMMUNICATIONS<\/h3>\n<p data-start=\"6316\" data-end=\"6534\">In compliance with <strong data-start=\"6338\" data-end=\"6363\">Law 34\/2002 (LSSI-CE)<\/strong>, no unsolicited commercial communications will be sent via email.<\/p>\n<p data-start=\"6536\" data-end=\"6653\">Any commercial communication will only be sent when expressly requested or authorized by the user. Each communication will include the option to unsubscribe easily and at no cost.<\/p>\n<h3 data-start=\"6660\" data-end=\"6702\">\u00a0<\/h3>\n<h3 data-start=\"6660\" data-end=\"6702\">7. APPLICABLE LAW AND JURISDICTION<\/h3>\n<p data-start=\"6704\" data-end=\"7013\">This Legal Notice shall be governed by Spanish law. Any disputes arising in relation to THE WEBSITE shall be submitted to the <strong data-start=\"6873\" data-end=\"6916\">Courts and Tribunals of C\u00e1diz (Spain)<\/strong>, unless mandatory consumer protection regulations establish another forum.<\/p>\n<\/div>\n<\/div>\n<\/div>\n<\/div>\n<\/div>\n<\/div><\/div><\/div><\/div><\/div>","protected":false},"excerpt":{"rendered":"","protected":false},"author":1,"featured_media":0,"parent":0,"menu_order":0,"comment_status":"closed","ping_status":"open","template":"100-width.php","meta":{"footnotes":""},"class_list":["post-3","page","type-page","status-publish","hentry"],"acf":[],"yoast_head":"<!-- This site is optimized with the Yoast SEO plugin v26.2 - https:\/\/yoast.com\/wordpress\/plugins\/seo\/ -->\n<title>Aviso legal y pol\u00edtica de Privacidad - Clinica Dental Centro<\/title>\n<meta name=\"robots\" content=\"noindex, nofollow\" \/>\n<meta property=\"og:locale\" content=\"en_GB\" \/>\n<meta property=\"og:type\" content=\"article\" \/>\n<meta property=\"og:title\" content=\"Aviso legal y pol\u00edtica de Privacidad - Clinica Dental Centro\" \/>\n<meta property=\"og:url\" content=\"https:\/\/www.clinicadentalcentro.com\/en\/aviso-legal-y-politica-de-privacidad\/\" \/>\n<meta property=\"og:site_name\" content=\"Clinica Dental Centro\" \/>\n<meta property=\"article:publisher\" content=\"https:\/\/www.facebook.com\/clinicadentalcentro\/\" \/>\n<meta property=\"article:modified_time\" content=\"2025-09-08T09:55:40+00:00\" \/>\n<meta property=\"og:image\" content=\"https:\/\/www.clinicadentalcentro.com\/wp-content\/uploads\/2023\/11\/Tarjeta_Dental_Centro_2.webp\" \/>\n\t<meta property=\"og:image:width\" content=\"600\" \/>\n\t<meta property=\"og:image:height\" content=\"466\" \/>\n\t<meta property=\"og:image:type\" content=\"image\/webp\" \/>\n<meta name=\"twitter:card\" content=\"summary_large_image\" \/>\n<meta name=\"twitter:label1\" content=\"Estimated reading time\" \/>\n\t<meta name=\"twitter:data1\" content=\"5 minutes\" \/>\n<script type=\"application\/ld+json\" class=\"yoast-schema-graph\">{\"@context\":\"https:\/\/schema.org\",\"@graph\":[{\"@type\":\"WebPage\",\"@id\":\"https:\/\/www.clinicadentalcentro.com\/en\/aviso-legal-y-politica-de-privacidad\/\",\"url\":\"https:\/\/www.clinicadentalcentro.com\/en\/aviso-legal-y-politica-de-privacidad\/\",\"name\":\"Aviso legal y pol\u00edtica de Privacidad - Clinica Dental Centro\",\"isPartOf\":{\"@id\":\"https:\/\/www.clinicadentalcentro.com\/en\/#website\"},\"datePublished\":\"2021-04-07T10:58:45+00:00\",\"dateModified\":\"2025-09-08T09:55:40+00:00\",\"breadcrumb\":{\"@id\":\"https:\/\/www.clinicadentalcentro.com\/en\/aviso-legal-y-politica-de-privacidad\/#breadcrumb\"},\"inLanguage\":\"en-GB\",\"potentialAction\":[{\"@type\":\"ReadAction\",\"target\":[\"https:\/\/www.clinicadentalcentro.com\/en\/aviso-legal-y-politica-de-privacidad\/\"]}]},{\"@type\":\"BreadcrumbList\",\"@id\":\"https:\/\/www.clinicadentalcentro.com\/en\/aviso-legal-y-politica-de-privacidad\/#breadcrumb\",\"itemListElement\":[{\"@type\":\"ListItem\",\"position\":1,\"name\":\"Home\",\"item\":\"https:\/\/www.clinicadentalcentro.com\/en\/\"},{\"@type\":\"ListItem\",\"position\":2,\"name\":\"Aviso legal y pol\u00edtica de Privacidad\"}]},{\"@type\":\"WebSite\",\"@id\":\"https:\/\/www.clinicadentalcentro.com\/en\/#website\",\"url\":\"https:\/\/www.clinicadentalcentro.com\/en\/\",\"name\":\"Clinica Dental Centro\",\"description\":\"Sonrie que la vida vuela. Cl\u00ednica Dental Centro, expertos en odontolog\u00eda y est\u00e9tica dental, en el Campo de Gibraltar.\",\"publisher\":{\"@id\":\"https:\/\/www.clinicadentalcentro.com\/en\/#organization\"},\"alternateName\":\"clinicadentalcentro.com\",\"potentialAction\":[{\"@type\":\"SearchAction\",\"target\":{\"@type\":\"EntryPoint\",\"urlTemplate\":\"https:\/\/www.clinicadentalcentro.com\/en\/?s={search_term_string}\"},\"query-input\":{\"@type\":\"PropertyValueSpecification\",\"valueRequired\":true,\"valueName\":\"search_term_string\"}}],\"inLanguage\":\"en-GB\"},{\"@type\":\"Organization\",\"@id\":\"https:\/\/www.clinicadentalcentro.com\/en\/#organization\",\"name\":\"Clinica Dental Centro\",\"alternateName\":\"clinicadentalcentro.com\",\"url\":\"https:\/\/www.clinicadentalcentro.com\/en\/\",\"logo\":{\"@type\":\"ImageObject\",\"inLanguage\":\"en-GB\",\"@id\":\"https:\/\/www.clinicadentalcentro.com\/en\/#\/schema\/logo\/image\/\",\"url\":\"https:\/\/www.clinicadentalcentro.com\/wp-content\/uploads\/2021\/06\/cropped-LOGO-DENTAL-CENTRO-4-LARGE.png\",\"contentUrl\":\"https:\/\/www.clinicadentalcentro.com\/wp-content\/uploads\/2021\/06\/cropped-LOGO-DENTAL-CENTRO-4-LARGE.png\",\"width\":512,\"height\":512,\"caption\":\"Clinica Dental Centro\"},\"image\":{\"@id\":\"https:\/\/www.clinicadentalcentro.com\/en\/#\/schema\/logo\/image\/\"},\"sameAs\":[\"https:\/\/www.facebook.com\/clinicadentalcentro\/\",\"https:\/\/www.instagram.com\/clinicadentalcentro\/?hl=es\"]}]}<\/script>\n<!-- \/ Yoast SEO plugin. -->","yoast_head_json":{"title":"Aviso legal y pol\u00edtica de Privacidad - Clinica Dental Centro","robots":{"index":"noindex","follow":"nofollow"},"og_locale":"en_GB","og_type":"article","og_title":"Aviso legal y pol\u00edtica de Privacidad - Clinica Dental Centro","og_url":"https:\/\/www.clinicadentalcentro.com\/en\/aviso-legal-y-politica-de-privacidad\/","og_site_name":"Clinica Dental Centro","article_publisher":"https:\/\/www.facebook.com\/clinicadentalcentro\/","article_modified_time":"2025-09-08T09:55:40+00:00","og_image":[{"width":600,"height":466,"url":"https:\/\/www.clinicadentalcentro.com\/wp-content\/uploads\/2023\/11\/Tarjeta_Dental_Centro_2.webp","type":"image\/webp"}],"twitter_card":"summary_large_image","twitter_misc":{"Estimated reading time":"5 minutes"},"schema":{"@context":"https:\/\/schema.org","@graph":[{"@type":"WebPage","@id":"https:\/\/www.clinicadentalcentro.com\/en\/aviso-legal-y-politica-de-privacidad\/","url":"https:\/\/www.clinicadentalcentro.com\/en\/aviso-legal-y-politica-de-privacidad\/","name":"Aviso legal y pol\u00edtica de Privacidad - Clinica Dental Centro","isPartOf":{"@id":"https:\/\/www.clinicadentalcentro.com\/en\/#website"},"datePublished":"2021-04-07T10:58:45+00:00","dateModified":"2025-09-08T09:55:40+00:00","breadcrumb":{"@id":"https:\/\/www.clinicadentalcentro.com\/en\/aviso-legal-y-politica-de-privacidad\/#breadcrumb"},"inLanguage":"en-GB","potentialAction":[{"@type":"ReadAction","target":["https:\/\/www.clinicadentalcentro.com\/en\/aviso-legal-y-politica-de-privacidad\/"]}]},{"@type":"BreadcrumbList","@id":"https:\/\/www.clinicadentalcentro.com\/en\/aviso-legal-y-politica-de-privacidad\/#breadcrumb","itemListElement":[{"@type":"ListItem","position":1,"name":"Home","item":"https:\/\/www.clinicadentalcentro.com\/en\/"},{"@type":"ListItem","position":2,"name":"Aviso legal y pol\u00edtica de Privacidad"}]},{"@type":"WebSite","@id":"https:\/\/www.clinicadentalcentro.com\/en\/#website","url":"https:\/\/www.clinicadentalcentro.com\/en\/","name":"Clinica Dental Centro","description":"Sonrie que la vida vuela. Cl\u00ednica Dental Centro, expertos en odontolog\u00eda y est\u00e9tica dental, en el Campo de Gibraltar.","publisher":{"@id":"https:\/\/www.clinicadentalcentro.com\/en\/#organization"},"alternateName":"clinicadentalcentro.com","potentialAction":[{"@type":"SearchAction","target":{"@type":"EntryPoint","urlTemplate":"https:\/\/www.clinicadentalcentro.com\/en\/?s={search_term_string}"},"query-input":{"@type":"PropertyValueSpecification","valueRequired":true,"valueName":"search_term_string"}}],"inLanguage":"en-GB"},{"@type":"Organization","@id":"https:\/\/www.clinicadentalcentro.com\/en\/#organization","name":"Clinica Dental Centro","alternateName":"clinicadentalcentro.com","url":"https:\/\/www.clinicadentalcentro.com\/en\/","logo":{"@type":"ImageObject","inLanguage":"en-GB","@id":"https:\/\/www.clinicadentalcentro.com\/en\/#\/schema\/logo\/image\/","url":"https:\/\/www.clinicadentalcentro.com\/wp-content\/uploads\/2021\/06\/cropped-LOGO-DENTAL-CENTRO-4-LARGE.png","contentUrl":"https:\/\/www.clinicadentalcentro.com\/wp-content\/uploads\/2021\/06\/cropped-LOGO-DENTAL-CENTRO-4-LARGE.png","width":512,"height":512,"caption":"Clinica Dental Centro"},"image":{"@id":"https:\/\/www.clinicadentalcentro.com\/en\/#\/schema\/logo\/image\/"},"sameAs":["https:\/\/www.facebook.com\/clinicadentalcentro\/","https:\/\/www.instagram.com\/clinicadentalcentro\/?hl=es"]}]}},"_links":{"self":[{"href":"https:\/\/www.clinicadentalcentro.com\/en\/wp-json\/wp\/v2\/pages\/3","targetHints":{"allow":["GET"]}}],"collection":[{"href":"https:\/\/www.clinicadentalcentro.com\/en\/wp-json\/wp\/v2\/pages"}],"about":[{"href":"https:\/\/www.clinicadentalcentro.com\/en\/wp-json\/wp\/v2\/types\/page"}],"author":[{"embeddable":true,"href":"https:\/\/www.clinicadentalcentro.com\/en\/wp-json\/wp\/v2\/users\/1"}],"replies":[{"embeddable":true,"href":"https:\/\/www.clinicadentalcentro.com\/en\/wp-json\/wp\/v2\/comments?post=3"}],"version-history":[{"count":14,"href":"https:\/\/www.clinicadentalcentro.com\/en\/wp-json\/wp\/v2\/pages\/3\/revisions"}],"predecessor-version":[{"id":7367,"href":"https:\/\/www.clinicadentalcentro.com\/en\/wp-json\/wp\/v2\/pages\/3\/revisions\/7367"}],"wp:attachment":[{"href":"https:\/\/www.clinicadentalcentro.com\/en\/wp-json\/wp\/v2\/media?parent=3"}],"curies":[{"name":"wp","href":"https:\/\/api.w.org\/{rel}","templated":true}]}}